{"id":7664,"date":"2025-03-18T19:02:52","date_gmt":"2025-03-18T19:02:52","guid":{"rendered":"https:\/\/develop.wp.eggo.agifly.cloud\/?page_id=7664"},"modified":"2025-10-29T15:16:44","modified_gmt":"2025-10-29T15:16:44","slug":"financement","status":"publish","type":"page","link":"https:\/\/develop.wp.eggo.agifly.cloud\/fr\/services\/financement\/","title":{"rendered":"Financer son projet"},"content":{"rendered":"\t\t<div data-elementor-type=\"wp-page\" data-elementor-id=\"7664\" class=\"elementor elementor-7664\" data-elementor-post-type=\"page\">\n\t\t\t\t<div class=\"elementor-element elementor-element-bf27f9a e-flex e-con-boxed e-con e-parent\" data-id=\"bf27f9a\" data-element_type=\"container\" data-e-type=\"container\" data-settings=\"{&quot;background_background&quot;:&quot;classic&quot;}\">\n\t\t\t\t\t<div class=\"e-con-inner\">\n\t\t\t\t<div class=\"elementor-element elementor-element-8a3658d elementor-widget elementor-widget-shortcode\" data-id=\"8a3658d\" data-element_type=\"widget\" data-e-type=\"widget\" data-widget_type=\"shortcode.default\">\n\t\t\t\t<div class=\"elementor-widget-container\">\n\t\t\t\t\t\t\t<div class=\"elementor-shortcode\"><nav class=\"custom-breadcrumbs breadcrumb-desktop\"><\/nav><\/div>\n\t\t\t\t\t\t<\/div>\n\t\t\t\t<\/div>\n\t\t\t\t\t<\/div>\n\t\t\t\t<\/div>\n\t\t<div class=\"elementor-element elementor-element-3274133 e-flex e-con-boxed e-con e-parent\" data-id=\"3274133\" data-element_type=\"container\" data-e-type=\"container\">\n\t\t\t\t\t<div class=\"e-con-inner\">\n\t\t\t\t<div class=\"elementor-element elementor-element-48bef10 elementor-widget__width-initial elementor-widget elementor-widget-heading\" data-id=\"48bef10\" data-element_type=\"widget\" data-e-type=\"widget\" data-widget_type=\"heading.default\">\n\t\t\t\t<div class=\"elementor-widget-container\">\n\t\t\t\t\t<h1 class=\"elementor-heading-title elementor-size-default\">Optimisez votre achat\n<\/h1>\t\t\t\t<\/div>\n\t\t\t\t<\/div>\n\t\t\t\t<div class=\"elementor-element elementor-element-9babc1c elementor-widget__width-initial elementor-widget elementor-widget-text-editor\" data-id=\"9babc1c\" data-element_type=\"widget\" data-e-type=\"widget\" data-widget_type=\"text-editor.default\">\n\t\t\t\t<div class=\"elementor-widget-container\">\n\t\t\t\t\t\t\t\t\t<p><span style=\"font-weight: 400;\">\u00c8ggo vous propose une solution de financement*<\/span><\/p>\t\t\t\t\t\t\t\t<\/div>\n\t\t\t\t<\/div>\n\t\t\t\t<div class=\"elementor-element elementor-element-9e183d5 elementor-widget elementor-widget-image\" data-id=\"9e183d5\" data-element_type=\"widget\" data-e-type=\"widget\" data-widget_type=\"image.default\">\n\t\t\t\t<div class=\"elementor-widget-container\">\n\t\t\t\t\t\t\t\t\t\t\t\t\t\t\t<img fetchpriority=\"high\" decoding=\"async\" width=\"2048\" height=\"1152\" src=\"https:\/\/develop.wp.eggo.agifly.cloud\/wp-content\/uploads\/2025\/10\/TAEG_site-scaled.jpg\" class=\"attachment-full size-full wp-image-40520\" alt=\"\" srcset=\"https:\/\/develop.wp.eggo.agifly.cloud\/wp-content\/uploads\/2025\/10\/TAEG_site-scaled.jpg 2048w, https:\/\/develop.wp.eggo.agifly.cloud\/wp-content\/uploads\/2025\/10\/TAEG_site-300x169.jpg 300w, https:\/\/develop.wp.eggo.agifly.cloud\/wp-content\/uploads\/2025\/10\/TAEG_site-1024x576.jpg 1024w, https:\/\/develop.wp.eggo.agifly.cloud\/wp-content\/uploads\/2025\/10\/TAEG_site-768x432.jpg 768w, https:\/\/develop.wp.eggo.agifly.cloud\/wp-content\/uploads\/2025\/10\/TAEG_site-1536x864.jpg 1536w\" sizes=\"(max-width: 2048px) 100vw, 2048px\" \/>\t\t\t\t\t\t\t\t\t\t\t\t\t\t\t<\/div>\n\t\t\t\t<\/div>\n\t\t\t\t<div class=\"elementor-element elementor-element-57bc126 elementor-widget elementor-widget-spacer\" data-id=\"57bc126\" data-element_type=\"widget\" data-e-type=\"widget\" data-widget_type=\"spacer.default\">\n\t\t\t\t<div class=\"elementor-widget-container\">\n\t\t\t\t\t\t\t<div class=\"elementor-spacer\">\n\t\t\t<div class=\"elementor-spacer-inner\"><\/div>\n\t\t<\/div>\n\t\t\t\t\t\t<\/div>\n\t\t\t\t<\/div>\n\t\t\t\t\t<\/div>\n\t\t\t\t<\/div>\n\t\t<div class=\"elementor-element elementor-element-b19d455 e-flex e-con-boxed e-con e-parent\" data-id=\"b19d455\" data-element_type=\"container\" data-e-type=\"container\">\n\t\t\t\t\t<div class=\"e-con-inner\">\n\t\t\t\t<div class=\"elementor-element elementor-element-d2d7773 elementor-widget elementor-widget-heading\" data-id=\"d2d7773\" data-element_type=\"widget\" data-e-type=\"widget\" data-widget_type=\"heading.default\">\n\t\t\t\t<div class=\"elementor-widget-container\">\n\t\t\t\t\t<h2 class=\"elementor-heading-title elementor-size-default\">Attention, emprunter de l\u2019argent co\u00fbte aussi de l\u2019argent.<\/h2>\t\t\t\t<\/div>\n\t\t\t\t<\/div>\n\t\t\t\t<div class=\"elementor-element elementor-element-c503018 elementor-widget elementor-widget-text-editor\" data-id=\"c503018\" data-element_type=\"widget\" data-e-type=\"widget\" data-widget_type=\"text-editor.default\">\n\t\t\t\t<div class=\"elementor-widget-container\">\n\t\t\t\t\t\t\t\t\t<p><b>*JUSQU\u2019AU 30 SEPTEMBRE 2025<\/b><span style=\"font-weight: 400;\">, vous pouvez financer votre achat au taux de<\/span><b> 0% TAEG<\/b><span style=\"font-weight: 400;\">**. C\u2019est l\u2019occasion de r\u00e9aliser votre projet sans faire de compromis sur la qualit\u00e9. Vous recevrez des renseignements compl\u00e9mentaires dans le magasin le plus proche de chez vous.<\/span><\/p><p><span style=\"font-weight: 400;\"><br \/><\/span><span style=\"font-weight: 400;\">*Exemple repr\u00e9sentatif : <\/span><b>TAEG (Taux Annuel Effectif Global) promotionnel de 0%<\/b><span style=\"font-weight: 400;\">, taux d\u00e9biteur annuel <\/span><b>fixe <\/b><span style=\"font-weight: 400;\">de 0%. Acompte obligatoire : 2.978,00\u20ac. Prix au comptant : 9.890,00\u20ac. <\/span><b>Pr\u00eat \u00e0 temp\u00e9rament<\/b><span style=\"font-weight: 400;\">. Montant du cr\u00e9dit de 6.912,00\u20ac, d\u2019une dur\u00e9e de 24 mois, remboursable en 24 mensualit\u00e9s de 288,00\u20ac, montant total d\u00fb : 6.912,00\u20ac. Offre valable du 01\/09\/2025 au 30\/09\/2025 pour un montant emprunt\u00e9 de maximum 8.000,00\u20ac. Sous r\u00e9serve d\u2019acceptation de votre demande de cr\u00e9dit par Alpha Credit s.a., pr\u00eateur, Montagne du Parc 8 Bo\u00eete 3, 1000 Bruxelles, TVA BE 0445.781.316, RPM Bruxelles. Cetelem est une d\u00e9nomination commerciale d\u2019Alpha Credit s.a. Annonceur : Menatam s.a., agent \u00e0 titre accessoire, rue du R\u00e9emploi 4, 5020 Suarl\u00e9e, TVA BE 0421 312 867, RPM Namur. La souscription d\u2019un pr\u00eat \u00e0 temp\u00e9rament est soumise \u00e0 la l\u00e9gislation relative au cr\u00e9dit \u00e0 la consommation, et plus sp\u00e9cifiquement au livre VII du Code de droit \u00e9conomique.<\/span><\/p><p>Annonceur \/ Editeur responsable : MENATAM SA.<\/p><p>Attention, emprunter de l\u2019argent co\u00fbte aussi de l\u2019argent. <br \/><b>** Voir conditions en magasin<\/b><\/p>\t\t\t\t\t\t\t\t<\/div>\n\t\t\t\t<\/div>\n\t\t\t\t\t<\/div>\n\t\t\t\t<\/div>\n\t\t\t\t<\/div>\n\t\t","protected":false},"excerpt":{"rendered":"<p>Optimisez votre achat \u00c8ggo vous propose une solution de financement* Attention, emprunter de l\u2019argent co\u00fbte aussi de l\u2019argent. *JUSQU\u2019AU 30 SEPTEMBRE 2025, vous pouvez financer votre achat au taux de 0% TAEG**. C\u2019est l\u2019occasion de r\u00e9aliser votre projet sans faire de compromis sur la qualit\u00e9. Vous recevrez des renseignements compl\u00e9mentaires dans le magasin le plus [&hellip;]<\/p>\n","protected":false},"author":1,"featured_media":0,"parent":6952,"menu_order":0,"comment_status":"closed","ping_status":"closed","template":"","meta":{"footnotes":""},"class_list":["post-7664","page","type-page","status-publish","hentry"],"yoast_head":"<!-- This site is optimized with the Yoast SEO Premium plugin v26.2 (Yoast SEO v27.3) - https:\/\/yoast.com\/product\/yoast-seo-premium-wordpress\/ -->\n<title>Nos solutions de financement pour votre cuisine ou meuble \u00e8ggo<\/title>\n<meta name=\"description\" content=\"R\u00e9alisez votre cuisine ou dressing sans stress gr\u00e2ce \u00e0 nos options de financement souples, transparentes et adapt\u00e9es \u00e0 votre budget.\" \/>\n<meta name=\"robots\" content=\"index, follow, max-snippet:-1, max-image-preview:large, max-video-preview:-1\" \/>\n<link rel=\"canonical\" href=\"https:\/\/develop.wp.eggo.agifly.cloud\/fr\/services\/financement\/\" \/>\n<meta property=\"og:locale\" content=\"fr_FR\" \/>\n<meta property=\"og:type\" content=\"article\" \/>\n<meta property=\"og:title\" content=\"Financer son projet\" \/>\n<meta property=\"og:description\" content=\"R\u00e9alisez votre cuisine ou dressing sans stress gr\u00e2ce \u00e0 nos options de financement souples, transparentes et adapt\u00e9es \u00e0 votre budget.\" \/>\n<meta property=\"og:url\" content=\"https:\/\/develop.wp.eggo.agifly.cloud\/fr\/services\/financement\/\" \/>\n<meta property=\"og:site_name\" content=\"Eggo\" \/>\n<meta property=\"article:publisher\" content=\"https:\/\/www.facebook.com\/eggokitchen\" \/>\n<meta property=\"article:modified_time\" content=\"2025-10-29T15:16:44+00:00\" \/>\n<meta property=\"og:image\" content=\"https:\/\/develop.wp.eggo.agifly.cloud\/wp-content\/uploads\/2025\/10\/TAEG_site-scaled.jpg\" \/>\n<meta name=\"twitter:card\" content=\"summary_large_image\" \/>\n<meta name=\"twitter:label1\" content=\"Dur\u00e9e de lecture estim\u00e9e\" \/>\n\t<meta name=\"twitter:data1\" content=\"2 minutes\" \/>\n<script type=\"application\/ld+json\" class=\"yoast-schema-graph\">{\"@context\":\"https:\\\/\\\/schema.org\",\"@graph\":[{\"@type\":\"WebPage\",\"@id\":\"https:\\\/\\\/develop.wp.eggo.agifly.cloud\\\/fr\\\/services\\\/financement\\\/\",\"url\":\"https:\\\/\\\/develop.wp.eggo.agifly.cloud\\\/fr\\\/services\\\/financement\\\/\",\"name\":\"Nos solutions de financement pour votre cuisine ou meuble \u00e8ggo\",\"isPartOf\":{\"@id\":\"https:\\\/\\\/develop.wp.eggo.agifly.cloud\\\/fr\\\/#website\"},\"primaryImageOfPage\":{\"@id\":\"https:\\\/\\\/develop.wp.eggo.agifly.cloud\\\/fr\\\/services\\\/financement\\\/#primaryimage\"},\"image\":{\"@id\":\"https:\\\/\\\/develop.wp.eggo.agifly.cloud\\\/fr\\\/services\\\/financement\\\/#primaryimage\"},\"thumbnailUrl\":\"https:\\\/\\\/develop.wp.eggo.agifly.cloud\\\/wp-content\\\/uploads\\\/2025\\\/10\\\/TAEG_site-scaled.jpg\",\"datePublished\":\"2025-03-18T19:02:52+00:00\",\"dateModified\":\"2025-10-29T15:16:44+00:00\",\"description\":\"R\u00e9alisez votre cuisine ou dressing sans stress gr\u00e2ce \u00e0 nos options de financement souples, transparentes et adapt\u00e9es \u00e0 votre budget.\",\"breadcrumb\":{\"@id\":\"https:\\\/\\\/develop.wp.eggo.agifly.cloud\\\/fr\\\/services\\\/financement\\\/#breadcrumb\"},\"inLanguage\":\"fr-FR\",\"potentialAction\":[{\"@type\":\"ReadAction\",\"target\":[\"https:\\\/\\\/develop.wp.eggo.agifly.cloud\\\/fr\\\/services\\\/financement\\\/\"]}]},{\"@type\":\"ImageObject\",\"inLanguage\":\"fr-FR\",\"@id\":\"https:\\\/\\\/develop.wp.eggo.agifly.cloud\\\/fr\\\/services\\\/financement\\\/#primaryimage\",\"url\":\"https:\\\/\\\/develop.wp.eggo.agifly.cloud\\\/wp-content\\\/uploads\\\/2025\\\/10\\\/TAEG_site-scaled.jpg\",\"contentUrl\":\"https:\\\/\\\/develop.wp.eggo.agifly.cloud\\\/wp-content\\\/uploads\\\/2025\\\/10\\\/TAEG_site-scaled.jpg\"},{\"@type\":\"BreadcrumbList\",\"@id\":\"https:\\\/\\\/develop.wp.eggo.agifly.cloud\\\/fr\\\/services\\\/financement\\\/#breadcrumb\",\"itemListElement\":[{\"@type\":\"ListItem\",\"position\":1,\"name\":\"Home\",\"item\":\"https:\\\/\\\/develop.wp.eggo.agifly.cloud\\\/fr\\\/\"},{\"@type\":\"ListItem\",\"position\":2,\"name\":\"Services\",\"item\":\"https:\\\/\\\/develop.wp.eggo.agifly.cloud\\\/fr\\\/services\\\/\"},{\"@type\":\"ListItem\",\"position\":3,\"name\":\"Financer son projet\"}]},{\"@type\":\"WebSite\",\"@id\":\"https:\\\/\\\/develop.wp.eggo.agifly.cloud\\\/fr\\\/#website\",\"url\":\"https:\\\/\\\/develop.wp.eggo.agifly.cloud\\\/fr\\\/\",\"name\":\"\u00e8ggo\",\"description\":\"\",\"publisher\":{\"@id\":\"https:\\\/\\\/develop.wp.eggo.agifly.cloud\\\/fr\\\/#organization\"},\"potentialAction\":[{\"@type\":\"SearchAction\",\"target\":{\"@type\":\"EntryPoint\",\"urlTemplate\":\"https:\\\/\\\/develop.wp.eggo.agifly.cloud\\\/fr\\\/?s={search_term_string}\"},\"query-input\":{\"@type\":\"PropertyValueSpecification\",\"valueRequired\":true,\"valueName\":\"search_term_string\"}}],\"inLanguage\":\"fr-FR\"},{\"@type\":[\"Organization\",\"Place\"],\"@id\":\"https:\\\/\\\/develop.wp.eggo.agifly.cloud\\\/fr\\\/#organization\",\"name\":\"\u00e8ggo\",\"alternateName\":\"eggo\",\"url\":\"https:\\\/\\\/develop.wp.eggo.agifly.cloud\\\/fr\\\/\",\"logo\":{\"@id\":\"https:\\\/\\\/develop.wp.eggo.agifly.cloud\\\/fr\\\/services\\\/financement\\\/#local-main-organization-logo\"},\"image\":{\"@id\":\"https:\\\/\\\/develop.wp.eggo.agifly.cloud\\\/fr\\\/services\\\/financement\\\/#local-main-organization-logo\"},\"sameAs\":[\"https:\\\/\\\/www.facebook.com\\\/eggokitchen\",\"https:\\\/\\\/www.linkedin.com\\\/company\\\/eggo\\\/\"],\"description\":\"Des cuisines et meubles de rangement de qualit\u00e9 \u00e0 des prix avantageux ! D\u00e9couvrez nos mod\u00e8les et prenez rendez-vous en ligne dans votre showroom \u00e8ggo.\",\"telephone\":[],\"openingHoursSpecification\":[{\"@type\":\"OpeningHoursSpecification\",\"dayOfWeek\":[\"Monday\",\"Tuesday\",\"Wednesday\",\"Thursday\",\"Friday\",\"Saturday\",\"Sunday\"],\"opens\":\"09:00\",\"closes\":\"17:00\"}]},{\"@type\":\"ImageObject\",\"inLanguage\":\"fr-FR\",\"@id\":\"https:\\\/\\\/develop.wp.eggo.agifly.cloud\\\/fr\\\/services\\\/financement\\\/#local-main-organization-logo\",\"url\":\"https:\\\/\\\/develop.wp.eggo.agifly.cloud\\\/wp-content\\\/uploads\\\/2025\\\/01\\\/Logo.webp\",\"contentUrl\":\"https:\\\/\\\/develop.wp.eggo.agifly.cloud\\\/wp-content\\\/uploads\\\/2025\\\/01\\\/Logo.webp\",\"width\":88,\"height\":88,\"caption\":\"\u00e8ggo\"}]}<\/script>\n<!-- \/ Yoast SEO Premium plugin. -->","yoast_head_json":{"title":"Nos solutions de financement pour votre cuisine ou meuble \u00e8ggo","description":"R\u00e9alisez votre cuisine ou dressing sans stress gr\u00e2ce \u00e0 nos options de financement souples, transparentes et adapt\u00e9es \u00e0 votre budget.","robots":{"index":"index","follow":"follow","max-snippet":"max-snippet:-1","max-image-preview":"max-image-preview:large","max-video-preview":"max-video-preview:-1"},"canonical":"https:\/\/develop.wp.eggo.agifly.cloud\/fr\/services\/financement\/","og_locale":"fr_FR","og_type":"article","og_title":"Financer son projet","og_description":"R\u00e9alisez votre cuisine ou dressing sans stress gr\u00e2ce \u00e0 nos options de financement souples, transparentes et adapt\u00e9es \u00e0 votre budget.","og_url":"https:\/\/develop.wp.eggo.agifly.cloud\/fr\/services\/financement\/","og_site_name":"Eggo","article_publisher":"https:\/\/www.facebook.com\/eggokitchen","article_modified_time":"2025-10-29T15:16:44+00:00","og_image":[{"url":"https:\/\/develop.wp.eggo.agifly.cloud\/wp-content\/uploads\/2025\/10\/TAEG_site-scaled.jpg","type":"","width":"","height":""}],"twitter_card":"summary_large_image","twitter_misc":{"Dur\u00e9e de lecture estim\u00e9e":"2 minutes"},"schema":{"@context":"https:\/\/schema.org","@graph":[{"@type":"WebPage","@id":"https:\/\/develop.wp.eggo.agifly.cloud\/fr\/services\/financement\/","url":"https:\/\/develop.wp.eggo.agifly.cloud\/fr\/services\/financement\/","name":"Nos solutions de financement pour votre cuisine ou meuble \u00e8ggo","isPartOf":{"@id":"https:\/\/develop.wp.eggo.agifly.cloud\/fr\/#website"},"primaryImageOfPage":{"@id":"https:\/\/develop.wp.eggo.agifly.cloud\/fr\/services\/financement\/#primaryimage"},"image":{"@id":"https:\/\/develop.wp.eggo.agifly.cloud\/fr\/services\/financement\/#primaryimage"},"thumbnailUrl":"https:\/\/develop.wp.eggo.agifly.cloud\/wp-content\/uploads\/2025\/10\/TAEG_site-scaled.jpg","datePublished":"2025-03-18T19:02:52+00:00","dateModified":"2025-10-29T15:16:44+00:00","description":"R\u00e9alisez votre cuisine ou dressing sans stress gr\u00e2ce \u00e0 nos options de financement souples, transparentes et adapt\u00e9es \u00e0 votre budget.","breadcrumb":{"@id":"https:\/\/develop.wp.eggo.agifly.cloud\/fr\/services\/financement\/#breadcrumb"},"inLanguage":"fr-FR","potentialAction":[{"@type":"ReadAction","target":["https:\/\/develop.wp.eggo.agifly.cloud\/fr\/services\/financement\/"]}]},{"@type":"ImageObject","inLanguage":"fr-FR","@id":"https:\/\/develop.wp.eggo.agifly.cloud\/fr\/services\/financement\/#primaryimage","url":"https:\/\/develop.wp.eggo.agifly.cloud\/wp-content\/uploads\/2025\/10\/TAEG_site-scaled.jpg","contentUrl":"https:\/\/develop.wp.eggo.agifly.cloud\/wp-content\/uploads\/2025\/10\/TAEG_site-scaled.jpg"},{"@type":"BreadcrumbList","@id":"https:\/\/develop.wp.eggo.agifly.cloud\/fr\/services\/financement\/#breadcrumb","itemListElement":[{"@type":"ListItem","position":1,"name":"Home","item":"https:\/\/develop.wp.eggo.agifly.cloud\/fr\/"},{"@type":"ListItem","position":2,"name":"Services","item":"https:\/\/develop.wp.eggo.agifly.cloud\/fr\/services\/"},{"@type":"ListItem","position":3,"name":"Financer son projet"}]},{"@type":"WebSite","@id":"https:\/\/develop.wp.eggo.agifly.cloud\/fr\/#website","url":"https:\/\/develop.wp.eggo.agifly.cloud\/fr\/","name":"\u00e8ggo","description":"","publisher":{"@id":"https:\/\/develop.wp.eggo.agifly.cloud\/fr\/#organization"},"potentialAction":[{"@type":"SearchAction","target":{"@type":"EntryPoint","urlTemplate":"https:\/\/develop.wp.eggo.agifly.cloud\/fr\/?s={search_term_string}"},"query-input":{"@type":"PropertyValueSpecification","valueRequired":true,"valueName":"search_term_string"}}],"inLanguage":"fr-FR"},{"@type":["Organization","Place"],"@id":"https:\/\/develop.wp.eggo.agifly.cloud\/fr\/#organization","name":"\u00e8ggo","alternateName":"eggo","url":"https:\/\/develop.wp.eggo.agifly.cloud\/fr\/","logo":{"@id":"https:\/\/develop.wp.eggo.agifly.cloud\/fr\/services\/financement\/#local-main-organization-logo"},"image":{"@id":"https:\/\/develop.wp.eggo.agifly.cloud\/fr\/services\/financement\/#local-main-organization-logo"},"sameAs":["https:\/\/www.facebook.com\/eggokitchen","https:\/\/www.linkedin.com\/company\/eggo\/"],"description":"Des cuisines et meubles de rangement de qualit\u00e9 \u00e0 des prix avantageux ! D\u00e9couvrez nos mod\u00e8les et prenez rendez-vous en ligne dans votre showroom \u00e8ggo.","telephone":[],"openingHoursSpecification":[{"@type":"OpeningHoursSpecification","dayOfWeek":["Monday","Tuesday","Wednesday","Thursday","Friday","Saturday","Sunday"],"opens":"09:00","closes":"17:00"}]},{"@type":"ImageObject","inLanguage":"fr-FR","@id":"https:\/\/develop.wp.eggo.agifly.cloud\/fr\/services\/financement\/#local-main-organization-logo","url":"https:\/\/develop.wp.eggo.agifly.cloud\/wp-content\/uploads\/2025\/01\/Logo.webp","contentUrl":"https:\/\/develop.wp.eggo.agifly.cloud\/wp-content\/uploads\/2025\/01\/Logo.webp","width":88,"height":88,"caption":"\u00e8ggo"}]}},"meta_box":{"promotion_toggle":"0","small_featured_promotion_toggle":"0","promotion_icon":[],"promotion_description":"","promotion_period":"","promotion_link":"","promotion_bg_color":"#ffffff","promotion_text_color":"#fe5000","read_more_content":"","catalog_pdf":[]},"_links":{"self":[{"href":"https:\/\/develop.wp.eggo.agifly.cloud\/fr\/wp-json\/wp\/v2\/pages\/7664","targetHints":{"allow":["GET"]}}],"collection":[{"href":"https:\/\/develop.wp.eggo.agifly.cloud\/fr\/wp-json\/wp\/v2\/pages"}],"about":[{"href":"https:\/\/develop.wp.eggo.agifly.cloud\/fr\/wp-json\/wp\/v2\/types\/page"}],"author":[{"embeddable":true,"href":"https:\/\/develop.wp.eggo.agifly.cloud\/fr\/wp-json\/wp\/v2\/users\/1"}],"replies":[{"embeddable":true,"href":"https:\/\/develop.wp.eggo.agifly.cloud\/fr\/wp-json\/wp\/v2\/comments?post=7664"}],"version-history":[{"count":3,"href":"https:\/\/develop.wp.eggo.agifly.cloud\/fr\/wp-json\/wp\/v2\/pages\/7664\/revisions"}],"predecessor-version":[{"id":40524,"href":"https:\/\/develop.wp.eggo.agifly.cloud\/fr\/wp-json\/wp\/v2\/pages\/7664\/revisions\/40524"}],"up":[{"embeddable":true,"href":"https:\/\/develop.wp.eggo.agifly.cloud\/fr\/wp-json\/wp\/v2\/pages\/6952"}],"wp:attachment":[{"href":"https:\/\/develop.wp.eggo.agifly.cloud\/fr\/wp-json\/wp\/v2\/media?parent=7664"}],"curies":[{"name":"wp","href":"https:\/\/api.w.org\/{rel}","templated":true}]}}