{"id":31156,"date":"2025-04-18T16:36:30","date_gmt":"2025-04-18T16:36:30","guid":{"rendered":"https:\/\/develop.wp.eggo.agifly.cloud\/onze-showrooms\/eggo-winkels-in-de-provincie-waals-brabant\/"},"modified":"2025-08-19T12:57:37","modified_gmt":"2025-08-19T12:57:37","slug":"waals-brabant","status":"publish","type":"page","link":"https:\/\/develop.wp.eggo.agifly.cloud\/nl\/onze-showrooms\/waals-brabant\/","title":{"rendered":"\u00c8ggo winkels in de provincie Waals-Brabant"},"content":{"rendered":"\t\t<div data-elementor-type=\"wp-page\" data-elementor-id=\"31156\" class=\"elementor elementor-31156 elementor-31094\" data-elementor-post-type=\"page\">\n\t\t\t\t<div class=\"elementor-element elementor-element-5536ab9 e-flex e-con-boxed e-con e-parent\" data-id=\"5536ab9\" data-element_type=\"container\" data-e-type=\"container\">\n\t\t\t\t\t<div class=\"e-con-inner\">\n\t\t<div class=\"elementor-element elementor-element-8307b54 e-con-full e-flex e-con e-child\" data-id=\"8307b54\" data-element_type=\"container\" data-e-type=\"container\">\n\t\t\t\t<div class=\"elementor-element elementor-element-47b4346 elementor-widget elementor-widget-heading\" data-id=\"47b4346\" data-element_type=\"widget\" data-e-type=\"widget\" data-widget_type=\"heading.default\">\n\t\t\t\t<div class=\"elementor-widget-container\">\n\t\t\t\t\t<h1 class=\"elementor-heading-title elementor-size-default\">\u00c8ggo winkels in de provincie Waals-Brabant<\/h1>\t\t\t\t<\/div>\n\t\t\t\t<\/div>\n\t\t\t\t<div class=\"elementor-element elementor-element-131bd9c elementor-widget elementor-widget-text-editor\" data-id=\"131bd9c\" data-element_type=\"widget\" data-e-type=\"widget\" data-widget_type=\"text-editor.default\">\n\t\t\t\t<div class=\"elementor-widget-container\">\n\t\t\t\t\t\t\t\t\t<p>Ben je op zoek naar een<strong>\u00a0\u00e8ggo<\/strong>\u00a0winkel in\u00a0<strong>Waals-Brabant<\/strong>? Hieronder vind je een overzicht van alle winkels in de provincie Waals-Brabant, dus kijk snel welke winkel bij jou in de buurt ligt. Dankzij ons uitgebreid netwerk van meer dan\u00a0<strong>54 showrooms<\/strong>\u00a0verspreid over heel Belgi\u00eb, waaronder de provincie Waals-Brabant, vind je zeker en vast \u00e8ggo advies voor je nieuwe\u00a0<a href=\"https:\/\/develop.wp.eggo.agifly.cloud\/nl\/keuken\">keuken<\/a>\u00a0of\u00a0<a href=\"https:\/\/develop.wp.eggo.agifly.cloud\/nl\/kast\">dressing<\/a>\u00a0in je buurt. Ontdek onze ruime collectie van keukens &amp; dressings op maat en ontvang advies van onze specialisten.<\/p>\n\t\t\t\t\t\t\t\t<\/div>\n\t\t\t\t<\/div>\n\t\t\t\t<\/div>\n\t\t<div class=\"elementor-element elementor-element-52432f6 e-con-full e-flex e-con e-child\" data-id=\"52432f6\" data-element_type=\"container\" data-e-type=\"container\">\n\t\t\t\t<div class=\"elementor-element elementor-element-0f865b5 elementor-widget elementor-widget-image\" data-id=\"0f865b5\" data-element_type=\"widget\" data-e-type=\"widget\" data-widget_type=\"image.default\">\n\t\t\t\t<div class=\"elementor-widget-container\">\n\t\t\t\t\t\t\t\t\t\t\t\t\t\t\t<img fetchpriority=\"high\" decoding=\"async\" width=\"350\" height=\"211\" src=\"https:\/\/develop.wp.eggo.agifly.cloud\/wp-content\/uploads\/2025\/04\/eggo-namur-magasin-cuisines-placards-dressings.webp\" class=\"attachment-full size-full wp-image-31040\" alt=\"\" \/>\t\t\t\t\t\t\t\t\t\t\t\t\t\t\t<\/div>\n\t\t\t\t<\/div>\n\t\t\t\t<\/div>\n\t\t\t\t\t<\/div>\n\t\t\t\t<\/div>\n\t\t<div class=\"elementor-element elementor-element-365f071 e-flex e-con-boxed e-con e-parent\" data-id=\"365f071\" data-element_type=\"container\" data-e-type=\"container\" data-settings=\"{&quot;background_background&quot;:&quot;classic&quot;}\">\n\t\t\t\t\t<div class=\"e-con-inner\">\n\t\t\t\t<div class=\"elementor-element elementor-element-d4cb48d elementor-widget elementor-widget-heading\" data-id=\"d4cb48d\" data-element_type=\"widget\" data-e-type=\"widget\" data-widget_type=\"heading.default\">\n\t\t\t\t<div class=\"elementor-widget-container\">\n\t\t\t\t\t<h2 class=\"elementor-heading-title elementor-size-default\">Vind je \u00e8ggo showroom in de buurt van jouw gemeente in de provincie Waals-Brabant<\/h2>\t\t\t\t<\/div>\n\t\t\t\t<\/div>\n\t\t<div class=\"elementor-element elementor-element-05f4e09 e-con-full e-flex e-con e-child\" data-id=\"05f4e09\" data-element_type=\"container\" data-e-type=\"container\">\n\t\t\t\t<div class=\"elementor-element elementor-element-6d4e8c0 elementor-widget__width-initial elementor-widget elementor-widget-text-editor\" data-id=\"6d4e8c0\" data-element_type=\"widget\" data-e-type=\"widget\" data-widget_type=\"text-editor.default\">\n\t\t\t\t<div class=\"elementor-widget-container\">\n\t\t\t\t\t\t\t\t\t<a href=\"https:\/\/develop.wp.eggo.agifly.cloud\/nl\/onze-showrooms?city=Bevekom\">Bevekom<\/a><br><br><a href=\"https:\/\/develop.wp.eggo.agifly.cloud\/nl\/onze-showrooms?city=Eigenbrakel\">Eigenbrakel<\/a><br><br><a href=\"https:\/\/develop.wp.eggo.agifly.cloud\/nl\/onze-showrooms?city=Kasteelbrakel\">Kasteelbrakel<\/a><br><br><a href=\"https:\/\/develop.wp.eggo.agifly.cloud\/nl\/onze-showrooms?city=Chastre\">Chastre<\/a><br><br><a href=\"https:\/\/develop.wp.eggo.agifly.cloud\/nl\/onze-showrooms?city=Chaumont-Gistoux\">Chaumont-Gistoux<\/a><br><br><a href=\"https:\/\/develop.wp.eggo.agifly.cloud\/nl\/onze-showrooms?city=Court-Saint-%C3%89tienne\">Court-Saint-\u00c9tienne<\/a><br><br><a href=\"https:\/\/develop.wp.eggo.agifly.cloud\/nl\/onze-showrooms?city=Genepi%C3%ABn\">Genepi\u00ebn<\/a>\t\t\t\t\t\t\t\t<\/div>\n\t\t\t\t<\/div>\n\t\t\t\t<div class=\"elementor-element elementor-element-dba584f elementor-widget__width-initial elementor-widget elementor-widget-text-editor\" data-id=\"dba584f\" data-element_type=\"widget\" data-e-type=\"widget\" data-widget_type=\"text-editor.default\">\n\t\t\t\t<div class=\"elementor-widget-container\">\n\t\t\t\t\t\t\t\t\t<a href=\"https:\/\/develop.wp.eggo.agifly.cloud\/nl\/onze-showrooms?city=Graven\">Graven<\/a><br><br><a href=\"https:\/\/develop.wp.eggo.agifly.cloud\/nl\/onze-showrooms?city=Heylissem\">Heylissem<\/a><br><br><a href=\"https:\/\/develop.wp.eggo.agifly.cloud\/nl\/onze-showrooms?city=Incourt\">Incourt<\/a><br><br><a href=\"https:\/\/develop.wp.eggo.agifly.cloud\/nl\/onze-showrooms?city=Itter\">Itter<\/a><br><br><a href=\"https:\/\/develop.wp.eggo.agifly.cloud\/nl\/onze-showrooms?city=Geldenaken\">Geldenaken<\/a><br><br><a href=\"https:\/\/develop.wp.eggo.agifly.cloud\/nl\/onze-showrooms?city=Terhulpen\">Terhulpen<\/a><br><br><a href=\"https:\/\/develop.wp.eggo.agifly.cloud\/nl\/onze-showrooms?city=Lasne\">Lasne<\/a>\t\t\t\t\t\t\t\t<\/div>\n\t\t\t\t<\/div>\n\t\t\t\t<div class=\"elementor-element elementor-element-b1d0842 elementor-widget__width-initial elementor-widget elementor-widget-text-editor\" data-id=\"b1d0842\" data-element_type=\"widget\" data-e-type=\"widget\" data-widget_type=\"text-editor.default\">\n\t\t\t\t<div class=\"elementor-widget-container\">\n\t\t\t\t\t\t\t\t\t<a href=\"https:\/\/develop.wp.eggo.agifly.cloud\/nl\/onze-showrooms?city=Mont-Saint-Guibert\">Mont-Saint-Guibert<\/a><br><br>    <a href=\"https:\/\/develop.wp.eggo.agifly.cloud\/nl\/onze-showrooms?city=Nijvel\">Nijvel<\/a><br><br>    <a href=\"https:\/\/develop.wp.eggo.agifly.cloud\/nl\/onze-showrooms?city=Orp-Jauche\">Orp-Jauche<\/a><br><br>    <a href=\"https:\/\/develop.wp.eggo.agifly.cloud\/nl\/onze-showrooms?city=Ottignies-Louvain-la-Neuve\">Ottignies-Louvain-la-Neuve<\/a><br><br>    <a href=\"https:\/\/develop.wp.eggo.agifly.cloud\/nl\/onze-showrooms?city=Perwijs\">Perwijs<\/a><br><br>    <a href=\"https:\/\/develop.wp.eggo.agifly.cloud\/nl\/onze-showrooms?city=Ramillies\">Ramillies<\/a><br><br>    <a href=\"https:\/\/develop.wp.eggo.agifly.cloud\/nl\/onze-showrooms?city=Rebecq\">Rebecq<\/a>\t\t\t\t\t\t\t\t<\/div>\n\t\t\t\t<\/div>\n\t\t\t\t<\/div>\n\t\t\t\t\t<\/div>\n\t\t\t\t<\/div>\n\t\t<div class=\"elementor-element elementor-element-adae0b5 e-flex e-con-boxed e-con e-parent\" data-id=\"adae0b5\" data-element_type=\"container\" data-e-type=\"container\">\n\t\t\t\t\t<div class=\"e-con-inner\">\n\t\t<div class=\"elementor-element elementor-element-54e3cdd e-con-full e-flex e-con e-child\" data-id=\"54e3cdd\" data-element_type=\"container\" data-e-type=\"container\">\n\t\t\t\t<div class=\"elementor-element elementor-element-6570c57 elementor-widget elementor-widget-heading\" data-id=\"6570c57\" data-element_type=\"widget\" data-e-type=\"widget\" data-widget_type=\"heading.default\">\n\t\t\t\t<div class=\"elementor-widget-container\">\n\t\t\t\t\t<h2 class=\"elementor-heading-title elementor-size-default\">Ons netwerk van winkels voor keukens &amp; maatkasten<\/h2>\t\t\t\t<\/div>\n\t\t\t\t<\/div>\n\t\t\t\t<div class=\"elementor-element elementor-element-5a39454 elementor-widget elementor-widget-text-editor\" data-id=\"5a39454\" data-element_type=\"widget\" data-e-type=\"widget\" data-widget_type=\"text-editor.default\">\n\t\t\t\t<div class=\"elementor-widget-container\">\n\t\t\t\t\t\t\t\t\t<p>Dankzij ons uitgebreid netwerk van meer dan 54 showrooms verspreid over de verschillende provincies in Belgi\u00eb (we zijn aanwezig in de\u00a0<a href=\"https:\/\/develop.wp.eggo.agifly.cloud\/nl\/vlaams-brabant\" target=\"_blank\" rel=\"noopener\">provincies Vlaams-Brabant<\/a>,\u00a0<a href=\"https:\/\/develop.wp.eggo.agifly.cloud\/nl\/west-vlaanderen\" target=\"_blank\" rel=\"noopener\">West-Vlaanderen<\/a>,\u00a0<a href=\"https:\/\/develop.wp.eggo.agifly.cloud\/nl\/limburg\" target=\"_blank\" rel=\"noopener\">Limburg<\/a>,\u00a0<a href=\"https:\/\/develop.wp.eggo.agifly.cloud\/nl\/oost-vlaanderen\" target=\"_blank\" rel=\"noopener\">Oost-Vlaanderen<\/a>,\u00a0<a href=\"https:\/\/develop.wp.eggo.agifly.cloud\/nl\/brussel\" target=\"_blank\" rel=\"noopener\">Brussel<\/a>,\u00a0<a href=\"https:\/\/develop.wp.eggo.agifly.cloud\/nl\/antwerpen\" target=\"_blank\" rel=\"noopener\">Antwerpen<\/a>,\u00a0<a href=\"https:\/\/develop.wp.eggo.agifly.cloud\/nl\/henegouwen\" target=\"_blank\" rel=\"noopener\">Henegouwen<\/a>,\u00a0<a href=\"https:\/\/develop.wp.eggo.agifly.cloud\/nl\/luik\" target=\"_blank\" rel=\"noopener\">Luik<\/a>\u00a0en\u00a0<a href=\"https:\/\/develop.wp.eggo.agifly.cloud\/nl\/namen\" target=\"_blank\" rel=\"noopener\">Namen<\/a>), vind je\u00a0zeker en vast \u00e8ggo advies voor je nieuwe keuken of dressing in je buurt.<\/p>\n\t\t\t\t\t\t\t\t<\/div>\n\t\t\t\t<\/div>\n\t\t\t\t<\/div>\n\t\t<div class=\"elementor-element elementor-element-c4f9cd9 e-con-full e-flex e-con e-child\" data-id=\"c4f9cd9\" data-element_type=\"container\" data-e-type=\"container\">\n\t\t\t\t<div class=\"elementor-element elementor-element-19e2463 elementor-widget elementor-widget-heading\" data-id=\"19e2463\" data-element_type=\"widget\" data-e-type=\"widget\" data-widget_type=\"heading.default\">\n\t\t\t\t<div class=\"elementor-widget-container\">\n\t\t\t\t\t<h2 class=\"elementor-heading-title elementor-size-default\">Zoekopdrachten gerelateerd aan \u00e8ggo Waals-Brabant<\/h2>\t\t\t\t<\/div>\n\t\t\t\t<\/div>\n\t\t\t\t<div class=\"elementor-element elementor-element-cd13163 elementor-widget elementor-widget-text-editor\" data-id=\"cd13163\" data-element_type=\"widget\" data-e-type=\"widget\" data-widget_type=\"text-editor.default\">\n\t\t\t\t<div class=\"elementor-widget-container\">\n\t\t\t\t\t\t\t\t\t<article class=\"page content\"><header class=\"page-header\">\r\n<div class=\"container\">\r\n<div class=\"page-meta\">\r\n<div class=\"summary typeset\">\r\n\r\nkeukens Waals-Brabant, keukens op maat Waals-Brabant, keukenwinkel Waals-Brabant, uitgeruste keuken Waals-Brabant, 3D keuken Waals-Brabant, design keuken Waals-Brabant, goedkope keuken Waals-Brabant, Belgische keuken Waals-Brabant, elektrowinkel Waals-Brabant, keukenspecialist Waals-Brabant, kasten op maat Waals-Brabant, keukeninrichting Waals-Brabant, dressing op maat Waals-Brabant, inbouwkasten Waals-Brabant, maatkasten Waals-Brabant\r\n\r\n<\/div>\r\n<\/div>\r\n<\/div>\r\n<\/header><\/article>\t\t\t\t\t\t\t\t<\/div>\n\t\t\t\t<\/div>\n\t\t\t\t<\/div>\n\t\t\t\t\t<\/div>\n\t\t\t\t<\/div>\n\t\t<div class=\"elementor-element elementor-element-3a159c2 e-flex e-con-boxed e-con e-parent\" data-id=\"3a159c2\" data-element_type=\"container\" data-e-type=\"container\">\n\t\t\t\t\t<div class=\"e-con-inner\">\n\t\t\t\t\t<\/div>\n\t\t\t\t<\/div>\n\t\t\t\t<\/div>\n\t\t","protected":false},"excerpt":{"rendered":"<p>\u00c8ggo winkels in de provincie Waals-Brabant Ben je op zoek naar een\u00a0\u00e8ggo\u00a0winkel in\u00a0Waals-Brabant? Hieronder vind je een overzicht van alle winkels in de provincie Waals-Brabant, dus kijk snel welke winkel bij jou in de buurt ligt. Dankzij ons uitgebreid netwerk van meer dan\u00a054 showrooms\u00a0verspreid over heel Belgi\u00eb, waaronder de provincie Waals-Brabant, vind je zeker en [&hellip;]<\/p>\n","protected":false},"author":1,"featured_media":0,"parent":25479,"menu_order":0,"comment_status":"closed","ping_status":"closed","template":"","meta":{"footnotes":""},"class_list":["post-31156","page","type-page","status-publish","hentry"],"yoast_head":"<!-- This site is optimized with the Yoast SEO Premium plugin v26.2 (Yoast SEO v27.3) - https:\/\/yoast.com\/product\/yoast-seo-premium-wordpress\/ -->\n<title>\u00c8ggo winkels in de provincie Waals-Brabant - Eggo<\/title>\n<meta name=\"description\" content=\"Bezoek onze showrooms en ontdek keukens, meubelen en dressings in Waals-Brabant. Laat je inspireren door de nieuwste trends bij \u00e8ggo.\" \/>\n<meta name=\"robots\" content=\"index, follow, max-snippet:-1, max-image-preview:large, max-video-preview:-1\" \/>\n<link rel=\"canonical\" href=\"https:\/\/develop.wp.eggo.agifly.cloud\/nl\/onze-showrooms\/waals-brabant\/\" \/>\n<meta property=\"og:locale\" content=\"nl_NL\" \/>\n<meta property=\"og:type\" content=\"article\" \/>\n<meta property=\"og:title\" content=\"\u00c8ggo winkels in de provincie Waals-Brabant\" \/>\n<meta property=\"og:description\" content=\"Bezoek onze showrooms en ontdek keukens, meubelen en dressings in Waals-Brabant. Laat je inspireren door de nieuwste trends bij \u00e8ggo.\" \/>\n<meta property=\"og:url\" content=\"https:\/\/develop.wp.eggo.agifly.cloud\/nl\/onze-showrooms\/waals-brabant\/\" \/>\n<meta property=\"og:site_name\" content=\"Eggo\" \/>\n<meta property=\"article:publisher\" content=\"https:\/\/www.facebook.com\/eggokitchen\" \/>\n<meta property=\"article:modified_time\" content=\"2025-08-19T12:57:37+00:00\" \/>\n<meta property=\"og:image\" content=\"https:\/\/develop.wp.eggo.agifly.cloud\/wp-content\/uploads\/2025\/04\/eggo-namur-magasin-cuisines-placards-dressings.png\" \/>\n<meta name=\"twitter:card\" content=\"summary_large_image\" \/>\n<meta name=\"twitter:label1\" content=\"Geschatte leestijd\" \/>\n\t<meta name=\"twitter:data1\" content=\"2 minuten\" \/>\n<script type=\"application\/ld+json\" class=\"yoast-schema-graph\">{\"@context\":\"https:\\\/\\\/schema.org\",\"@graph\":[{\"@type\":\"WebPage\",\"@id\":\"https:\\\/\\\/develop.wp.eggo.agifly.cloud\\\/nl\\\/onze-showrooms\\\/waals-brabant\\\/\",\"url\":\"https:\\\/\\\/develop.wp.eggo.agifly.cloud\\\/nl\\\/onze-showrooms\\\/waals-brabant\\\/\",\"name\":\"\u00c8ggo winkels in de provincie Waals-Brabant - Eggo\",\"isPartOf\":{\"@id\":\"https:\\\/\\\/develop.wp.eggo.agifly.cloud\\\/nl\\\/#website\"},\"primaryImageOfPage\":{\"@id\":\"https:\\\/\\\/develop.wp.eggo.agifly.cloud\\\/nl\\\/onze-showrooms\\\/waals-brabant\\\/#primaryimage\"},\"image\":{\"@id\":\"https:\\\/\\\/develop.wp.eggo.agifly.cloud\\\/nl\\\/onze-showrooms\\\/waals-brabant\\\/#primaryimage\"},\"thumbnailUrl\":\"https:\\\/\\\/develop.wp.eggo.agifly.cloud\\\/wp-content\\\/uploads\\\/2025\\\/04\\\/eggo-namur-magasin-cuisines-placards-dressings.webp\",\"datePublished\":\"2025-04-18T16:36:30+00:00\",\"dateModified\":\"2025-08-19T12:57:37+00:00\",\"description\":\"Bezoek onze showrooms en ontdek keukens, meubelen en dressings in Waals-Brabant. Laat je inspireren door de nieuwste trends bij \u00e8ggo.\",\"breadcrumb\":{\"@id\":\"https:\\\/\\\/develop.wp.eggo.agifly.cloud\\\/nl\\\/onze-showrooms\\\/waals-brabant\\\/#breadcrumb\"},\"inLanguage\":\"nl-NL\",\"potentialAction\":[{\"@type\":\"ReadAction\",\"target\":[\"https:\\\/\\\/develop.wp.eggo.agifly.cloud\\\/nl\\\/onze-showrooms\\\/waals-brabant\\\/\"]}]},{\"@type\":\"ImageObject\",\"inLanguage\":\"nl-NL\",\"@id\":\"https:\\\/\\\/develop.wp.eggo.agifly.cloud\\\/nl\\\/onze-showrooms\\\/waals-brabant\\\/#primaryimage\",\"url\":\"https:\\\/\\\/develop.wp.eggo.agifly.cloud\\\/wp-content\\\/uploads\\\/2025\\\/04\\\/eggo-namur-magasin-cuisines-placards-dressings.webp\",\"contentUrl\":\"https:\\\/\\\/develop.wp.eggo.agifly.cloud\\\/wp-content\\\/uploads\\\/2025\\\/04\\\/eggo-namur-magasin-cuisines-placards-dressings.webp\"},{\"@type\":\"BreadcrumbList\",\"@id\":\"https:\\\/\\\/develop.wp.eggo.agifly.cloud\\\/nl\\\/onze-showrooms\\\/waals-brabant\\\/#breadcrumb\",\"itemListElement\":[{\"@type\":\"ListItem\",\"position\":1,\"name\":\"Home\",\"item\":\"https:\\\/\\\/develop.wp.eggo.agifly.cloud\\\/nl\\\/\"},{\"@type\":\"ListItem\",\"position\":2,\"name\":\"Showrooms\",\"item\":\"https:\\\/\\\/develop.wp.eggo.agifly.cloud\\\/nl\\\/onze-showrooms\\\/\"},{\"@type\":\"ListItem\",\"position\":3,\"name\":\"\u00c8ggo winkels in de provincie Waals-Brabant\"}]},{\"@type\":\"WebSite\",\"@id\":\"https:\\\/\\\/develop.wp.eggo.agifly.cloud\\\/nl\\\/#website\",\"url\":\"https:\\\/\\\/develop.wp.eggo.agifly.cloud\\\/nl\\\/\",\"name\":\"\u00e8ggo\",\"description\":\"\",\"publisher\":{\"@id\":\"https:\\\/\\\/develop.wp.eggo.agifly.cloud\\\/nl\\\/#organization\"},\"potentialAction\":[{\"@type\":\"SearchAction\",\"target\":{\"@type\":\"EntryPoint\",\"urlTemplate\":\"https:\\\/\\\/develop.wp.eggo.agifly.cloud\\\/nl\\\/?s={search_term_string}\"},\"query-input\":{\"@type\":\"PropertyValueSpecification\",\"valueRequired\":true,\"valueName\":\"search_term_string\"}}],\"inLanguage\":\"nl-NL\"},{\"@type\":[\"Organization\",\"Place\"],\"@id\":\"https:\\\/\\\/develop.wp.eggo.agifly.cloud\\\/nl\\\/#organization\",\"name\":\"\u00e8ggo\",\"alternateName\":\"eggo\",\"url\":\"https:\\\/\\\/develop.wp.eggo.agifly.cloud\\\/nl\\\/\",\"logo\":{\"@id\":\"https:\\\/\\\/develop.wp.eggo.agifly.cloud\\\/nl\\\/onze-showrooms\\\/waals-brabant\\\/#local-main-organization-logo\"},\"image\":{\"@id\":\"https:\\\/\\\/develop.wp.eggo.agifly.cloud\\\/nl\\\/onze-showrooms\\\/waals-brabant\\\/#local-main-organization-logo\"},\"sameAs\":[\"https:\\\/\\\/www.facebook.com\\\/eggokitchen\",\"https:\\\/\\\/www.linkedin.com\\\/company\\\/eggo\\\/\"],\"description\":\"Des cuisines et meubles de rangement de qualit\u00e9 \u00e0 des prix avantageux ! D\u00e9couvrez nos mod\u00e8les et prenez rendez-vous en ligne dans votre showroom \u00e8ggo.\",\"telephone\":[],\"openingHoursSpecification\":[{\"@type\":\"OpeningHoursSpecification\",\"dayOfWeek\":[\"Monday\",\"Tuesday\",\"Wednesday\",\"Thursday\",\"Friday\",\"Saturday\",\"Sunday\"],\"opens\":\"09:00\",\"closes\":\"17:00\"}]},{\"@type\":\"ImageObject\",\"inLanguage\":\"nl-NL\",\"@id\":\"https:\\\/\\\/develop.wp.eggo.agifly.cloud\\\/nl\\\/onze-showrooms\\\/waals-brabant\\\/#local-main-organization-logo\",\"url\":\"https:\\\/\\\/develop.wp.eggo.agifly.cloud\\\/wp-content\\\/uploads\\\/2025\\\/01\\\/Logo.webp\",\"contentUrl\":\"https:\\\/\\\/develop.wp.eggo.agifly.cloud\\\/wp-content\\\/uploads\\\/2025\\\/01\\\/Logo.webp\",\"width\":88,\"height\":88,\"caption\":\"\u00e8ggo\"}]}<\/script>\n<!-- \/ Yoast SEO Premium plugin. -->","yoast_head_json":{"title":"\u00c8ggo winkels in de provincie Waals-Brabant - Eggo","description":"Bezoek onze showrooms en ontdek keukens, meubelen en dressings in Waals-Brabant. Laat je inspireren door de nieuwste trends bij \u00e8ggo.","robots":{"index":"index","follow":"follow","max-snippet":"max-snippet:-1","max-image-preview":"max-image-preview:large","max-video-preview":"max-video-preview:-1"},"canonical":"https:\/\/develop.wp.eggo.agifly.cloud\/nl\/onze-showrooms\/waals-brabant\/","og_locale":"nl_NL","og_type":"article","og_title":"\u00c8ggo winkels in de provincie Waals-Brabant","og_description":"Bezoek onze showrooms en ontdek keukens, meubelen en dressings in Waals-Brabant. Laat je inspireren door de nieuwste trends bij \u00e8ggo.","og_url":"https:\/\/develop.wp.eggo.agifly.cloud\/nl\/onze-showrooms\/waals-brabant\/","og_site_name":"Eggo","article_publisher":"https:\/\/www.facebook.com\/eggokitchen","article_modified_time":"2025-08-19T12:57:37+00:00","og_image":[{"url":"https:\/\/develop.wp.eggo.agifly.cloud\/wp-content\/uploads\/2025\/04\/eggo-namur-magasin-cuisines-placards-dressings.png","type":"","width":"","height":""}],"twitter_card":"summary_large_image","twitter_misc":{"Geschatte leestijd":"2 minuten"},"schema":{"@context":"https:\/\/schema.org","@graph":[{"@type":"WebPage","@id":"https:\/\/develop.wp.eggo.agifly.cloud\/nl\/onze-showrooms\/waals-brabant\/","url":"https:\/\/develop.wp.eggo.agifly.cloud\/nl\/onze-showrooms\/waals-brabant\/","name":"\u00c8ggo winkels in de provincie Waals-Brabant - Eggo","isPartOf":{"@id":"https:\/\/develop.wp.eggo.agifly.cloud\/nl\/#website"},"primaryImageOfPage":{"@id":"https:\/\/develop.wp.eggo.agifly.cloud\/nl\/onze-showrooms\/waals-brabant\/#primaryimage"},"image":{"@id":"https:\/\/develop.wp.eggo.agifly.cloud\/nl\/onze-showrooms\/waals-brabant\/#primaryimage"},"thumbnailUrl":"https:\/\/develop.wp.eggo.agifly.cloud\/wp-content\/uploads\/2025\/04\/eggo-namur-magasin-cuisines-placards-dressings.webp","datePublished":"2025-04-18T16:36:30+00:00","dateModified":"2025-08-19T12:57:37+00:00","description":"Bezoek onze showrooms en ontdek keukens, meubelen en dressings in Waals-Brabant. Laat je inspireren door de nieuwste trends bij \u00e8ggo.","breadcrumb":{"@id":"https:\/\/develop.wp.eggo.agifly.cloud\/nl\/onze-showrooms\/waals-brabant\/#breadcrumb"},"inLanguage":"nl-NL","potentialAction":[{"@type":"ReadAction","target":["https:\/\/develop.wp.eggo.agifly.cloud\/nl\/onze-showrooms\/waals-brabant\/"]}]},{"@type":"ImageObject","inLanguage":"nl-NL","@id":"https:\/\/develop.wp.eggo.agifly.cloud\/nl\/onze-showrooms\/waals-brabant\/#primaryimage","url":"https:\/\/develop.wp.eggo.agifly.cloud\/wp-content\/uploads\/2025\/04\/eggo-namur-magasin-cuisines-placards-dressings.webp","contentUrl":"https:\/\/develop.wp.eggo.agifly.cloud\/wp-content\/uploads\/2025\/04\/eggo-namur-magasin-cuisines-placards-dressings.webp"},{"@type":"BreadcrumbList","@id":"https:\/\/develop.wp.eggo.agifly.cloud\/nl\/onze-showrooms\/waals-brabant\/#breadcrumb","itemListElement":[{"@type":"ListItem","position":1,"name":"Home","item":"https:\/\/develop.wp.eggo.agifly.cloud\/nl\/"},{"@type":"ListItem","position":2,"name":"Showrooms","item":"https:\/\/develop.wp.eggo.agifly.cloud\/nl\/onze-showrooms\/"},{"@type":"ListItem","position":3,"name":"\u00c8ggo winkels in de provincie Waals-Brabant"}]},{"@type":"WebSite","@id":"https:\/\/develop.wp.eggo.agifly.cloud\/nl\/#website","url":"https:\/\/develop.wp.eggo.agifly.cloud\/nl\/","name":"\u00e8ggo","description":"","publisher":{"@id":"https:\/\/develop.wp.eggo.agifly.cloud\/nl\/#organization"},"potentialAction":[{"@type":"SearchAction","target":{"@type":"EntryPoint","urlTemplate":"https:\/\/develop.wp.eggo.agifly.cloud\/nl\/?s={search_term_string}"},"query-input":{"@type":"PropertyValueSpecification","valueRequired":true,"valueName":"search_term_string"}}],"inLanguage":"nl-NL"},{"@type":["Organization","Place"],"@id":"https:\/\/develop.wp.eggo.agifly.cloud\/nl\/#organization","name":"\u00e8ggo","alternateName":"eggo","url":"https:\/\/develop.wp.eggo.agifly.cloud\/nl\/","logo":{"@id":"https:\/\/develop.wp.eggo.agifly.cloud\/nl\/onze-showrooms\/waals-brabant\/#local-main-organization-logo"},"image":{"@id":"https:\/\/develop.wp.eggo.agifly.cloud\/nl\/onze-showrooms\/waals-brabant\/#local-main-organization-logo"},"sameAs":["https:\/\/www.facebook.com\/eggokitchen","https:\/\/www.linkedin.com\/company\/eggo\/"],"description":"Des cuisines et meubles de rangement de qualit\u00e9 \u00e0 des prix avantageux ! D\u00e9couvrez nos mod\u00e8les et prenez rendez-vous en ligne dans votre showroom \u00e8ggo.","telephone":[],"openingHoursSpecification":[{"@type":"OpeningHoursSpecification","dayOfWeek":["Monday","Tuesday","Wednesday","Thursday","Friday","Saturday","Sunday"],"opens":"09:00","closes":"17:00"}]},{"@type":"ImageObject","inLanguage":"nl-NL","@id":"https:\/\/develop.wp.eggo.agifly.cloud\/nl\/onze-showrooms\/waals-brabant\/#local-main-organization-logo","url":"https:\/\/develop.wp.eggo.agifly.cloud\/wp-content\/uploads\/2025\/01\/Logo.webp","contentUrl":"https:\/\/develop.wp.eggo.agifly.cloud\/wp-content\/uploads\/2025\/01\/Logo.webp","width":88,"height":88,"caption":"\u00e8ggo"}]}},"meta_box":{"promotion_toggle":"0","small_featured_promotion_toggle":"0","promotion_icon":[],"promotion_description":"","promotion_period":"","promotion_link":"","promotion_bg_color":"#ffffff","promotion_text_color":"#fe5000","read_more_content":"","catalog_pdf":[]},"_links":{"self":[{"href":"https:\/\/develop.wp.eggo.agifly.cloud\/nl\/wp-json\/wp\/v2\/pages\/31156","targetHints":{"allow":["GET"]}}],"collection":[{"href":"https:\/\/develop.wp.eggo.agifly.cloud\/nl\/wp-json\/wp\/v2\/pages"}],"about":[{"href":"https:\/\/develop.wp.eggo.agifly.cloud\/nl\/wp-json\/wp\/v2\/types\/page"}],"author":[{"embeddable":true,"href":"https:\/\/develop.wp.eggo.agifly.cloud\/nl\/wp-json\/wp\/v2\/users\/1"}],"replies":[{"embeddable":true,"href":"https:\/\/develop.wp.eggo.agifly.cloud\/nl\/wp-json\/wp\/v2\/comments?post=31156"}],"version-history":[{"count":0,"href":"https:\/\/develop.wp.eggo.agifly.cloud\/nl\/wp-json\/wp\/v2\/pages\/31156\/revisions"}],"up":[{"embeddable":true,"href":"https:\/\/develop.wp.eggo.agifly.cloud\/nl\/wp-json\/wp\/v2\/pages\/25479"}],"wp:attachment":[{"href":"https:\/\/develop.wp.eggo.agifly.cloud\/nl\/wp-json\/wp\/v2\/media?parent=31156"}],"curies":[{"name":"wp","href":"https:\/\/api.w.org\/{rel}","templated":true}]}}