{"id":31177,"date":"2025-04-18T17:09:20","date_gmt":"2025-04-18T17:09:20","guid":{"rendered":"https:\/\/develop.wp.eggo.agifly.cloud\/onze-showrooms\/eggo-winkels-in-de-provincie-luik\/"},"modified":"2025-08-19T12:49:58","modified_gmt":"2025-08-19T12:49:58","slug":"luik","status":"publish","type":"page","link":"https:\/\/develop.wp.eggo.agifly.cloud\/nl\/onze-showrooms\/luik\/","title":{"rendered":"\u00c8ggo winkels in de provincie Luik"},"content":{"rendered":"\t\t<div data-elementor-type=\"wp-page\" data-elementor-id=\"31177\" class=\"elementor elementor-31177 elementor-31125\" data-elementor-post-type=\"page\">\n\t\t\t\t<div class=\"elementor-element elementor-element-5536ab9 e-flex e-con-boxed e-con e-parent\" data-id=\"5536ab9\" data-element_type=\"container\" data-e-type=\"container\">\n\t\t\t\t\t<div class=\"e-con-inner\">\n\t\t<div class=\"elementor-element elementor-element-8307b54 e-con-full e-flex e-con e-child\" data-id=\"8307b54\" data-element_type=\"container\" data-e-type=\"container\">\n\t\t\t\t<div class=\"elementor-element elementor-element-47b4346 elementor-widget elementor-widget-heading\" data-id=\"47b4346\" data-element_type=\"widget\" data-e-type=\"widget\" data-widget_type=\"heading.default\">\n\t\t\t\t<div class=\"elementor-widget-container\">\n\t\t\t\t\t<h1 class=\"elementor-heading-title elementor-size-default\">\u00c8ggo winkels in de provincie Luik<\/h1>\t\t\t\t<\/div>\n\t\t\t\t<\/div>\n\t\t\t\t<div class=\"elementor-element elementor-element-131bd9c elementor-widget elementor-widget-text-editor\" data-id=\"131bd9c\" data-element_type=\"widget\" data-e-type=\"widget\" data-widget_type=\"text-editor.default\">\n\t\t\t\t<div class=\"elementor-widget-container\">\n\t\t\t\t\t\t\t\t\t<p>Ben je op zoek naar een<strong>\u00a0\u00e8ggo<\/strong>\u00a0winkel in\u00a0<strong>Luik<\/strong>? Hieronder vind je een overzicht van alle winkels in de provincie Luik, dus kijk snel welke winkel bij jou in de buurt ligt. Dankzij ons uitgebreid netwerk van meer dan\u00a0<strong>54 showrooms<\/strong>\u00a0verspreid over heel Belgi\u00eb, waaronder de provincie Luik, vind je zeker en vast \u00e8ggo advies voor je nieuwe\u00a0<a href=\"https:\/\/develop.wp.eggo.agifly.cloud\/nl\/keuken\">keuken<\/a>\u00a0of\u00a0<a href=\"https:\/\/develop.wp.eggo.agifly.cloud\/nl\/kast\">dressing<\/a>\u00a0in je buurt. Ontdek onze ruime collectie van keukens &amp; dressings op maat en ontvang advies van onze specialisten.<\/p>\n\t\t\t\t\t\t\t\t<\/div>\n\t\t\t\t<\/div>\n\t\t\t\t<\/div>\n\t\t<div class=\"elementor-element elementor-element-52432f6 e-con-full e-flex e-con e-child\" data-id=\"52432f6\" data-element_type=\"container\" data-e-type=\"container\">\n\t\t\t\t<div class=\"elementor-element elementor-element-0f865b5 elementor-widget elementor-widget-image\" data-id=\"0f865b5\" data-element_type=\"widget\" data-e-type=\"widget\" data-widget_type=\"image.default\">\n\t\t\t\t<div class=\"elementor-widget-container\">\n\t\t\t\t\t\t\t\t\t\t\t\t\t\t\t<img fetchpriority=\"high\" decoding=\"async\" width=\"350\" height=\"211\" src=\"https:\/\/develop.wp.eggo.agifly.cloud\/wp-content\/uploads\/2025\/04\/eggo-namur-magasin-cuisines-placards-dressings.webp\" class=\"attachment-full size-full wp-image-31040\" alt=\"\" \/>\t\t\t\t\t\t\t\t\t\t\t\t\t\t\t<\/div>\n\t\t\t\t<\/div>\n\t\t\t\t<\/div>\n\t\t\t\t\t<\/div>\n\t\t\t\t<\/div>\n\t\t<div class=\"elementor-element elementor-element-365f071 e-flex e-con-boxed e-con e-parent\" data-id=\"365f071\" data-element_type=\"container\" data-e-type=\"container\" data-settings=\"{&quot;background_background&quot;:&quot;classic&quot;}\">\n\t\t\t\t\t<div class=\"e-con-inner\">\n\t\t\t\t<div class=\"elementor-element elementor-element-d4cb48d elementor-widget elementor-widget-heading\" data-id=\"d4cb48d\" data-element_type=\"widget\" data-e-type=\"widget\" data-widget_type=\"heading.default\">\n\t\t\t\t<div class=\"elementor-widget-container\">\n\t\t\t\t\t<h2 class=\"elementor-heading-title elementor-size-default\">Vind je \u00e8ggo showroom in de buurt van jouw gemeente in de provincie Luik<\/h2>\t\t\t\t<\/div>\n\t\t\t\t<\/div>\n\t\t<div class=\"elementor-element elementor-element-05f4e09 e-con-full e-flex e-con e-child\" data-id=\"05f4e09\" data-element_type=\"container\" data-e-type=\"container\">\n\t\t\t\t<div class=\"elementor-element elementor-element-6d4e8c0 elementor-widget__width-initial elementor-widget elementor-widget-text-editor\" data-id=\"6d4e8c0\" data-element_type=\"widget\" data-e-type=\"widget\" data-widget_type=\"text-editor.default\">\n\t\t\t\t<div class=\"elementor-widget-container\">\n\t\t\t\t\t\t\t\t\t<a href=\"https:\/\/develop.wp.eggo.agifly.cloud\/nl\/onze-showrooms?city=Eupen\">Eupen<\/a><br \/><a href=\"https:\/\/develop.wp.eggo.agifly.cloud\/nl\/onze-showrooms?city=Hannuit\">Hannuit<\/a><br \/><a href=\"https:\/\/develop.wp.eggo.agifly.cloud\/nl\/onze-showrooms?city=Herstal\">Herstal<\/a><br \/><a href=\"https:\/\/develop.wp.eggo.agifly.cloud\/nl\/onze-showrooms?city=Herve\">Herve<\/a><br \/>\t\t\t\t\t\t\t\t<\/div>\n\t\t\t\t<\/div>\n\t\t\t\t<div class=\"elementor-element elementor-element-dba584f elementor-widget__width-initial elementor-widget elementor-widget-text-editor\" data-id=\"dba584f\" data-element_type=\"widget\" data-e-type=\"widget\" data-widget_type=\"text-editor.default\">\n\t\t\t\t<div class=\"elementor-widget-container\">\n\t\t\t\t\t\t\t\t\t<a href=\"https:\/\/develop.wp.eggo.agifly.cloud\/nl\/onze-showrooms?city=Hoei\">Hoei<\/a><br \/><a href=\"https:\/\/develop.wp.eggo.agifly.cloud\/nl\/onze-showrooms?city=Luik\">Luik<\/a><br \/><a href=\"https:\/\/develop.wp.eggo.agifly.cloud\/nl\/onze-showrooms?city=Limburg\">Limburg<\/a><br \/><a href=\"https:\/\/develop.wp.eggo.agifly.cloud\/nl\/onze-showrooms?city=Malmedy\">Malmedy<\/a><br \/>\t\t\t\t\t\t\t\t<\/div>\n\t\t\t\t<\/div>\n\t\t\t\t<div class=\"elementor-element elementor-element-b1d0842 elementor-widget__width-initial elementor-widget elementor-widget-text-editor\" data-id=\"b1d0842\" data-element_type=\"widget\" data-e-type=\"widget\" data-widget_type=\"text-editor.default\">\n\t\t\t\t<div class=\"elementor-widget-container\">\n\t\t\t\t\t\t\t\t\t<a href=\"https:\/\/develop.wp.eggo.agifly.cloud\/nl\/onze-showrooms?city=Sankt%20Vith\">Sankt Vith<\/a><br \/><a href=\"https:\/\/develop.wp.eggo.agifly.cloud\/nl\/onze-showrooms?city=Seraing\">Seraing<\/a><br \/><a href=\"https:\/\/develop.wp.eggo.agifly.cloud\/nl\/onze-showrooms?city=Spa\">Spa<\/a><br \/><a href=\"https:\/\/develop.wp.eggo.agifly.cloud\/nl\/onze-showrooms?city=Stavelot\">Stavelot<\/a><br \/>\t\t\t\t\t\t\t\t<\/div>\n\t\t\t\t<\/div>\n\t\t\t\t<div class=\"elementor-element elementor-element-c690775 elementor-widget__width-initial elementor-widget elementor-widget-text-editor\" data-id=\"c690775\" data-element_type=\"widget\" data-e-type=\"widget\" data-widget_type=\"text-editor.default\">\n\t\t\t\t<div class=\"elementor-widget-container\">\n\t\t\t\t\t\t\t\t\t<a href=\"https:\/\/develop.wp.eggo.agifly.cloud\/nl\/onze-showrooms?city=Verviers\">Verviers<\/a><br \/><a href=\"https:\/\/develop.wp.eggo.agifly.cloud\/nl\/onze-showrooms?city=Wezet\">Wezet<\/a><br \/><a href=\"https:\/\/develop.wp.eggo.agifly.cloud\/nl\/onze-showrooms?city=Borgworm\">Borgworm<\/a><br \/>\t\t\t\t\t\t\t\t<\/div>\n\t\t\t\t<\/div>\n\t\t\t\t<\/div>\n\t\t\t\t\t<\/div>\n\t\t\t\t<\/div>\n\t\t<div class=\"elementor-element elementor-element-adae0b5 e-flex e-con-boxed e-con e-parent\" data-id=\"adae0b5\" data-element_type=\"container\" data-e-type=\"container\">\n\t\t\t\t\t<div class=\"e-con-inner\">\n\t\t<div class=\"elementor-element elementor-element-54e3cdd e-con-full e-flex e-con e-child\" data-id=\"54e3cdd\" data-element_type=\"container\" data-e-type=\"container\">\n\t\t\t\t<div class=\"elementor-element elementor-element-6570c57 elementor-widget elementor-widget-heading\" data-id=\"6570c57\" data-element_type=\"widget\" data-e-type=\"widget\" data-widget_type=\"heading.default\">\n\t\t\t\t<div class=\"elementor-widget-container\">\n\t\t\t\t\t<h2 class=\"elementor-heading-title elementor-size-default\">Ons netwerk van winkels voor keukens &amp; maatkasten<\/h2>\t\t\t\t<\/div>\n\t\t\t\t<\/div>\n\t\t\t\t<div class=\"elementor-element elementor-element-5a39454 elementor-widget elementor-widget-text-editor\" data-id=\"5a39454\" data-element_type=\"widget\" data-e-type=\"widget\" data-widget_type=\"text-editor.default\">\n\t\t\t\t<div class=\"elementor-widget-container\">\n\t\t\t\t\t\t\t\t\t<p>Dankzij ons uitgebreid netwerk van meer dan 54 showrooms verspreid over de verschillende provincies in Belgi\u00eb (we zijn aanwezig in de\u00a0<a href=\"https:\/\/develop.wp.eggo.agifly.cloud\/nl\/vlaams-brabant\" target=\"_blank\" rel=\"noopener\">provincies Vlaams-Brabant<\/a>,\u00a0<a href=\"https:\/\/develop.wp.eggo.agifly.cloud\/nl\/west-vlaanderen\" target=\"_blank\" rel=\"noopener\">West-Vlaanderen<\/a>,\u00a0<a href=\"https:\/\/develop.wp.eggo.agifly.cloud\/nl\/limburg\" target=\"_blank\" rel=\"noopener\">Limburg<\/a>,\u00a0<a href=\"https:\/\/develop.wp.eggo.agifly.cloud\/nl\/oost-vlaanderen\" target=\"_blank\" rel=\"noopener\">Oost-Vlaanderen<\/a>,\u00a0<a href=\"https:\/\/develop.wp.eggo.agifly.cloud\/nl\/brussel\" target=\"_blank\" rel=\"noopener\">Brussel<\/a>,\u00a0<a href=\"https:\/\/develop.wp.eggo.agifly.cloud\/nl\/antwerpen\" target=\"_blank\" rel=\"noopener\">Antwerpen<\/a>,\u00a0<a href=\"https:\/\/develop.wp.eggo.agifly.cloud\/nl\/waals-brabant\" target=\"_blank\" rel=\"noopener\">Waals-Brabant<\/a>,\u00a0<a href=\"https:\/\/develop.wp.eggo.agifly.cloud\/nl\/henegouwen\" target=\"_blank\" rel=\"noopener\">Henegouwen<\/a>\u00a0en\u00a0<a href=\"https:\/\/develop.wp.eggo.agifly.cloud\/nl\/namen\" target=\"_blank\" rel=\"noopener\">Namen<\/a>), vind je\u00a0zeker en vast \u00e8ggo advies voor je nieuwe keuken of dressing in je buurt.<\/p>\n\t\t\t\t\t\t\t\t<\/div>\n\t\t\t\t<\/div>\n\t\t\t\t<\/div>\n\t\t<div class=\"elementor-element elementor-element-c4f9cd9 e-con-full e-flex e-con e-child\" data-id=\"c4f9cd9\" data-element_type=\"container\" data-e-type=\"container\">\n\t\t\t\t<div class=\"elementor-element elementor-element-19e2463 elementor-widget elementor-widget-heading\" data-id=\"19e2463\" data-element_type=\"widget\" data-e-type=\"widget\" data-widget_type=\"heading.default\">\n\t\t\t\t<div class=\"elementor-widget-container\">\n\t\t\t\t\t<h2 class=\"elementor-heading-title elementor-size-default\">Zoekopdrachten gerelateerd aan \u00e8ggo Luik<\/h2>\t\t\t\t<\/div>\n\t\t\t\t<\/div>\n\t\t\t\t<div class=\"elementor-element elementor-element-cd13163 elementor-widget elementor-widget-text-editor\" data-id=\"cd13163\" data-element_type=\"widget\" data-e-type=\"widget\" data-widget_type=\"text-editor.default\">\n\t\t\t\t<div class=\"elementor-widget-container\">\n\t\t\t\t\t\t\t\t\tkeukens Luik, keukens op maat Luik, keukenwinkel Luik, uitgeruste keuken Luik, 3D keuken Luik, design keuken Luik, goedkope keuken Luik, Belgische keuken Luik, elektrowinkel Luik, keukenspecialist Luik, kasten op maat Luik, keukeninrichting Luik, dressing op maat Luik, inbouwkasten Luik, maatkasten Luik<br><br>\t\t\t\t\t\t\t\t<\/div>\n\t\t\t\t<\/div>\n\t\t\t\t<\/div>\n\t\t\t\t\t<\/div>\n\t\t\t\t<\/div>\n\t\t<div class=\"elementor-element elementor-element-3a159c2 e-flex e-con-boxed e-con e-parent\" data-id=\"3a159c2\" data-element_type=\"container\" data-e-type=\"container\">\n\t\t\t\t\t<div class=\"e-con-inner\">\n\t\t\t\t\t<\/div>\n\t\t\t\t<\/div>\n\t\t\t\t<\/div>\n\t\t","protected":false},"excerpt":{"rendered":"<p>\u00c8ggo winkels in de provincie Luik Ben je op zoek naar een\u00a0\u00e8ggo\u00a0winkel in\u00a0Luik? Hieronder vind je een overzicht van alle winkels in de provincie Luik, dus kijk snel welke winkel bij jou in de buurt ligt. Dankzij ons uitgebreid netwerk van meer dan\u00a054 showrooms\u00a0verspreid over heel Belgi\u00eb, waaronder de provincie Luik, vind je zeker en [&hellip;]<\/p>\n","protected":false},"author":1,"featured_media":0,"parent":25479,"menu_order":0,"comment_status":"closed","ping_status":"closed","template":"","meta":{"footnotes":""},"class_list":["post-31177","page","type-page","status-publish","hentry"],"yoast_head":"<!-- This site is optimized with the Yoast SEO Premium plugin v26.2 (Yoast SEO v27.3) - https:\/\/yoast.com\/product\/yoast-seo-premium-wordpress\/ -->\n<title>\u00c8ggo winkels in de provincie Luik - Eggo<\/title>\n<meta name=\"description\" content=\"Bezoek onze showrooms in Luik en ontdek een breed scala aan keukens, meubels en dressings. Laat je inspireren door onze oplossingen bij \u00e8ggo.\" \/>\n<meta name=\"robots\" content=\"index, follow, max-snippet:-1, max-image-preview:large, max-video-preview:-1\" \/>\n<link rel=\"canonical\" href=\"https:\/\/develop.wp.eggo.agifly.cloud\/nl\/onze-showrooms\/luik\/\" \/>\n<meta property=\"og:locale\" content=\"nl_NL\" \/>\n<meta property=\"og:type\" content=\"article\" \/>\n<meta property=\"og:title\" content=\"\u00c8ggo winkels in de provincie Luik\" \/>\n<meta property=\"og:description\" content=\"Bezoek onze showrooms in Luik en ontdek een breed scala aan keukens, meubels en dressings. Laat je inspireren door onze oplossingen bij \u00e8ggo.\" \/>\n<meta property=\"og:url\" content=\"https:\/\/develop.wp.eggo.agifly.cloud\/nl\/onze-showrooms\/luik\/\" \/>\n<meta property=\"og:site_name\" content=\"Eggo\" \/>\n<meta property=\"article:publisher\" content=\"https:\/\/www.facebook.com\/eggokitchen\" \/>\n<meta property=\"article:modified_time\" content=\"2025-08-19T12:49:58+00:00\" \/>\n<meta property=\"og:image\" content=\"https:\/\/develop.wp.eggo.agifly.cloud\/wp-content\/uploads\/2025\/04\/eggo-namur-magasin-cuisines-placards-dressings.png\" \/>\n<meta name=\"twitter:card\" content=\"summary_large_image\" \/>\n<meta name=\"twitter:label1\" content=\"Geschatte leestijd\" \/>\n\t<meta name=\"twitter:data1\" content=\"2 minuten\" \/>\n<script type=\"application\/ld+json\" class=\"yoast-schema-graph\">{\"@context\":\"https:\\\/\\\/schema.org\",\"@graph\":[{\"@type\":\"WebPage\",\"@id\":\"https:\\\/\\\/develop.wp.eggo.agifly.cloud\\\/nl\\\/onze-showrooms\\\/luik\\\/\",\"url\":\"https:\\\/\\\/develop.wp.eggo.agifly.cloud\\\/nl\\\/onze-showrooms\\\/luik\\\/\",\"name\":\"\u00c8ggo winkels in de provincie Luik - Eggo\",\"isPartOf\":{\"@id\":\"https:\\\/\\\/develop.wp.eggo.agifly.cloud\\\/nl\\\/#website\"},\"primaryImageOfPage\":{\"@id\":\"https:\\\/\\\/develop.wp.eggo.agifly.cloud\\\/nl\\\/onze-showrooms\\\/luik\\\/#primaryimage\"},\"image\":{\"@id\":\"https:\\\/\\\/develop.wp.eggo.agifly.cloud\\\/nl\\\/onze-showrooms\\\/luik\\\/#primaryimage\"},\"thumbnailUrl\":\"https:\\\/\\\/develop.wp.eggo.agifly.cloud\\\/wp-content\\\/uploads\\\/2025\\\/04\\\/eggo-namur-magasin-cuisines-placards-dressings.webp\",\"datePublished\":\"2025-04-18T17:09:20+00:00\",\"dateModified\":\"2025-08-19T12:49:58+00:00\",\"description\":\"Bezoek onze showrooms in Luik en ontdek een breed scala aan keukens, meubels en dressings. Laat je inspireren door onze oplossingen bij \u00e8ggo.\",\"breadcrumb\":{\"@id\":\"https:\\\/\\\/develop.wp.eggo.agifly.cloud\\\/nl\\\/onze-showrooms\\\/luik\\\/#breadcrumb\"},\"inLanguage\":\"nl-NL\",\"potentialAction\":[{\"@type\":\"ReadAction\",\"target\":[\"https:\\\/\\\/develop.wp.eggo.agifly.cloud\\\/nl\\\/onze-showrooms\\\/luik\\\/\"]}]},{\"@type\":\"ImageObject\",\"inLanguage\":\"nl-NL\",\"@id\":\"https:\\\/\\\/develop.wp.eggo.agifly.cloud\\\/nl\\\/onze-showrooms\\\/luik\\\/#primaryimage\",\"url\":\"https:\\\/\\\/develop.wp.eggo.agifly.cloud\\\/wp-content\\\/uploads\\\/2025\\\/04\\\/eggo-namur-magasin-cuisines-placards-dressings.webp\",\"contentUrl\":\"https:\\\/\\\/develop.wp.eggo.agifly.cloud\\\/wp-content\\\/uploads\\\/2025\\\/04\\\/eggo-namur-magasin-cuisines-placards-dressings.webp\"},{\"@type\":\"BreadcrumbList\",\"@id\":\"https:\\\/\\\/develop.wp.eggo.agifly.cloud\\\/nl\\\/onze-showrooms\\\/luik\\\/#breadcrumb\",\"itemListElement\":[{\"@type\":\"ListItem\",\"position\":1,\"name\":\"Home\",\"item\":\"https:\\\/\\\/develop.wp.eggo.agifly.cloud\\\/nl\\\/\"},{\"@type\":\"ListItem\",\"position\":2,\"name\":\"Showrooms\",\"item\":\"https:\\\/\\\/develop.wp.eggo.agifly.cloud\\\/nl\\\/onze-showrooms\\\/\"},{\"@type\":\"ListItem\",\"position\":3,\"name\":\"\u00c8ggo winkels in de provincie Luik\"}]},{\"@type\":\"WebSite\",\"@id\":\"https:\\\/\\\/develop.wp.eggo.agifly.cloud\\\/nl\\\/#website\",\"url\":\"https:\\\/\\\/develop.wp.eggo.agifly.cloud\\\/nl\\\/\",\"name\":\"\u00e8ggo\",\"description\":\"\",\"publisher\":{\"@id\":\"https:\\\/\\\/develop.wp.eggo.agifly.cloud\\\/nl\\\/#organization\"},\"potentialAction\":[{\"@type\":\"SearchAction\",\"target\":{\"@type\":\"EntryPoint\",\"urlTemplate\":\"https:\\\/\\\/develop.wp.eggo.agifly.cloud\\\/nl\\\/?s={search_term_string}\"},\"query-input\":{\"@type\":\"PropertyValueSpecification\",\"valueRequired\":true,\"valueName\":\"search_term_string\"}}],\"inLanguage\":\"nl-NL\"},{\"@type\":[\"Organization\",\"Place\"],\"@id\":\"https:\\\/\\\/develop.wp.eggo.agifly.cloud\\\/nl\\\/#organization\",\"name\":\"\u00e8ggo\",\"alternateName\":\"eggo\",\"url\":\"https:\\\/\\\/develop.wp.eggo.agifly.cloud\\\/nl\\\/\",\"logo\":{\"@id\":\"https:\\\/\\\/develop.wp.eggo.agifly.cloud\\\/nl\\\/onze-showrooms\\\/luik\\\/#local-main-organization-logo\"},\"image\":{\"@id\":\"https:\\\/\\\/develop.wp.eggo.agifly.cloud\\\/nl\\\/onze-showrooms\\\/luik\\\/#local-main-organization-logo\"},\"sameAs\":[\"https:\\\/\\\/www.facebook.com\\\/eggokitchen\",\"https:\\\/\\\/www.linkedin.com\\\/company\\\/eggo\\\/\"],\"description\":\"Des cuisines et meubles de rangement de qualit\u00e9 \u00e0 des prix avantageux ! D\u00e9couvrez nos mod\u00e8les et prenez rendez-vous en ligne dans votre showroom \u00e8ggo.\",\"telephone\":[],\"openingHoursSpecification\":[{\"@type\":\"OpeningHoursSpecification\",\"dayOfWeek\":[\"Monday\",\"Tuesday\",\"Wednesday\",\"Thursday\",\"Friday\",\"Saturday\",\"Sunday\"],\"opens\":\"09:00\",\"closes\":\"17:00\"}]},{\"@type\":\"ImageObject\",\"inLanguage\":\"nl-NL\",\"@id\":\"https:\\\/\\\/develop.wp.eggo.agifly.cloud\\\/nl\\\/onze-showrooms\\\/luik\\\/#local-main-organization-logo\",\"url\":\"https:\\\/\\\/develop.wp.eggo.agifly.cloud\\\/wp-content\\\/uploads\\\/2025\\\/01\\\/Logo.webp\",\"contentUrl\":\"https:\\\/\\\/develop.wp.eggo.agifly.cloud\\\/wp-content\\\/uploads\\\/2025\\\/01\\\/Logo.webp\",\"width\":88,\"height\":88,\"caption\":\"\u00e8ggo\"}]}<\/script>\n<!-- \/ Yoast SEO Premium plugin. -->","yoast_head_json":{"title":"\u00c8ggo winkels in de provincie Luik - Eggo","description":"Bezoek onze showrooms in Luik en ontdek een breed scala aan keukens, meubels en dressings. Laat je inspireren door onze oplossingen bij \u00e8ggo.","robots":{"index":"index","follow":"follow","max-snippet":"max-snippet:-1","max-image-preview":"max-image-preview:large","max-video-preview":"max-video-preview:-1"},"canonical":"https:\/\/develop.wp.eggo.agifly.cloud\/nl\/onze-showrooms\/luik\/","og_locale":"nl_NL","og_type":"article","og_title":"\u00c8ggo winkels in de provincie Luik","og_description":"Bezoek onze showrooms in Luik en ontdek een breed scala aan keukens, meubels en dressings. Laat je inspireren door onze oplossingen bij \u00e8ggo.","og_url":"https:\/\/develop.wp.eggo.agifly.cloud\/nl\/onze-showrooms\/luik\/","og_site_name":"Eggo","article_publisher":"https:\/\/www.facebook.com\/eggokitchen","article_modified_time":"2025-08-19T12:49:58+00:00","og_image":[{"url":"https:\/\/develop.wp.eggo.agifly.cloud\/wp-content\/uploads\/2025\/04\/eggo-namur-magasin-cuisines-placards-dressings.png","type":"","width":"","height":""}],"twitter_card":"summary_large_image","twitter_misc":{"Geschatte leestijd":"2 minuten"},"schema":{"@context":"https:\/\/schema.org","@graph":[{"@type":"WebPage","@id":"https:\/\/develop.wp.eggo.agifly.cloud\/nl\/onze-showrooms\/luik\/","url":"https:\/\/develop.wp.eggo.agifly.cloud\/nl\/onze-showrooms\/luik\/","name":"\u00c8ggo winkels in de provincie Luik - Eggo","isPartOf":{"@id":"https:\/\/develop.wp.eggo.agifly.cloud\/nl\/#website"},"primaryImageOfPage":{"@id":"https:\/\/develop.wp.eggo.agifly.cloud\/nl\/onze-showrooms\/luik\/#primaryimage"},"image":{"@id":"https:\/\/develop.wp.eggo.agifly.cloud\/nl\/onze-showrooms\/luik\/#primaryimage"},"thumbnailUrl":"https:\/\/develop.wp.eggo.agifly.cloud\/wp-content\/uploads\/2025\/04\/eggo-namur-magasin-cuisines-placards-dressings.webp","datePublished":"2025-04-18T17:09:20+00:00","dateModified":"2025-08-19T12:49:58+00:00","description":"Bezoek onze showrooms in Luik en ontdek een breed scala aan keukens, meubels en dressings. Laat je inspireren door onze oplossingen bij \u00e8ggo.","breadcrumb":{"@id":"https:\/\/develop.wp.eggo.agifly.cloud\/nl\/onze-showrooms\/luik\/#breadcrumb"},"inLanguage":"nl-NL","potentialAction":[{"@type":"ReadAction","target":["https:\/\/develop.wp.eggo.agifly.cloud\/nl\/onze-showrooms\/luik\/"]}]},{"@type":"ImageObject","inLanguage":"nl-NL","@id":"https:\/\/develop.wp.eggo.agifly.cloud\/nl\/onze-showrooms\/luik\/#primaryimage","url":"https:\/\/develop.wp.eggo.agifly.cloud\/wp-content\/uploads\/2025\/04\/eggo-namur-magasin-cuisines-placards-dressings.webp","contentUrl":"https:\/\/develop.wp.eggo.agifly.cloud\/wp-content\/uploads\/2025\/04\/eggo-namur-magasin-cuisines-placards-dressings.webp"},{"@type":"BreadcrumbList","@id":"https:\/\/develop.wp.eggo.agifly.cloud\/nl\/onze-showrooms\/luik\/#breadcrumb","itemListElement":[{"@type":"ListItem","position":1,"name":"Home","item":"https:\/\/develop.wp.eggo.agifly.cloud\/nl\/"},{"@type":"ListItem","position":2,"name":"Showrooms","item":"https:\/\/develop.wp.eggo.agifly.cloud\/nl\/onze-showrooms\/"},{"@type":"ListItem","position":3,"name":"\u00c8ggo winkels in de provincie Luik"}]},{"@type":"WebSite","@id":"https:\/\/develop.wp.eggo.agifly.cloud\/nl\/#website","url":"https:\/\/develop.wp.eggo.agifly.cloud\/nl\/","name":"\u00e8ggo","description":"","publisher":{"@id":"https:\/\/develop.wp.eggo.agifly.cloud\/nl\/#organization"},"potentialAction":[{"@type":"SearchAction","target":{"@type":"EntryPoint","urlTemplate":"https:\/\/develop.wp.eggo.agifly.cloud\/nl\/?s={search_term_string}"},"query-input":{"@type":"PropertyValueSpecification","valueRequired":true,"valueName":"search_term_string"}}],"inLanguage":"nl-NL"},{"@type":["Organization","Place"],"@id":"https:\/\/develop.wp.eggo.agifly.cloud\/nl\/#organization","name":"\u00e8ggo","alternateName":"eggo","url":"https:\/\/develop.wp.eggo.agifly.cloud\/nl\/","logo":{"@id":"https:\/\/develop.wp.eggo.agifly.cloud\/nl\/onze-showrooms\/luik\/#local-main-organization-logo"},"image":{"@id":"https:\/\/develop.wp.eggo.agifly.cloud\/nl\/onze-showrooms\/luik\/#local-main-organization-logo"},"sameAs":["https:\/\/www.facebook.com\/eggokitchen","https:\/\/www.linkedin.com\/company\/eggo\/"],"description":"Des cuisines et meubles de rangement de qualit\u00e9 \u00e0 des prix avantageux ! D\u00e9couvrez nos mod\u00e8les et prenez rendez-vous en ligne dans votre showroom \u00e8ggo.","telephone":[],"openingHoursSpecification":[{"@type":"OpeningHoursSpecification","dayOfWeek":["Monday","Tuesday","Wednesday","Thursday","Friday","Saturday","Sunday"],"opens":"09:00","closes":"17:00"}]},{"@type":"ImageObject","inLanguage":"nl-NL","@id":"https:\/\/develop.wp.eggo.agifly.cloud\/nl\/onze-showrooms\/luik\/#local-main-organization-logo","url":"https:\/\/develop.wp.eggo.agifly.cloud\/wp-content\/uploads\/2025\/01\/Logo.webp","contentUrl":"https:\/\/develop.wp.eggo.agifly.cloud\/wp-content\/uploads\/2025\/01\/Logo.webp","width":88,"height":88,"caption":"\u00e8ggo"}]}},"meta_box":{"promotion_toggle":"0","small_featured_promotion_toggle":"0","promotion_icon":[],"promotion_description":"","promotion_period":"","promotion_link":"","promotion_bg_color":"#ffffff","promotion_text_color":"#fe5000","read_more_content":"","catalog_pdf":[]},"_links":{"self":[{"href":"https:\/\/develop.wp.eggo.agifly.cloud\/nl\/wp-json\/wp\/v2\/pages\/31177","targetHints":{"allow":["GET"]}}],"collection":[{"href":"https:\/\/develop.wp.eggo.agifly.cloud\/nl\/wp-json\/wp\/v2\/pages"}],"about":[{"href":"https:\/\/develop.wp.eggo.agifly.cloud\/nl\/wp-json\/wp\/v2\/types\/page"}],"author":[{"embeddable":true,"href":"https:\/\/develop.wp.eggo.agifly.cloud\/nl\/wp-json\/wp\/v2\/users\/1"}],"replies":[{"embeddable":true,"href":"https:\/\/develop.wp.eggo.agifly.cloud\/nl\/wp-json\/wp\/v2\/comments?post=31177"}],"version-history":[{"count":0,"href":"https:\/\/develop.wp.eggo.agifly.cloud\/nl\/wp-json\/wp\/v2\/pages\/31177\/revisions"}],"up":[{"embeddable":true,"href":"https:\/\/develop.wp.eggo.agifly.cloud\/nl\/wp-json\/wp\/v2\/pages\/25479"}],"wp:attachment":[{"href":"https:\/\/develop.wp.eggo.agifly.cloud\/nl\/wp-json\/wp\/v2\/media?parent=31177"}],"curies":[{"name":"wp","href":"https:\/\/api.w.org\/{rel}","templated":true}]}}